{"id":5,"date":"2013-02-24T13:45:12","date_gmt":"2013-02-24T11:45:12","guid":{"rendered":"https:\/\/samorodni.eu\/oleg\/?page_id=5"},"modified":"2016-03-22T09:50:28","modified_gmt":"2016-03-22T09:50:28","slug":"oleg-samorodni","status":"publish","type":"page","link":"https:\/\/samorodni.eu\/oleg\/","title":{"rendered":"\u041e\u043b\u0435\u0433 \u0421\u0430\u043c\u043e\u0440\u043e\u0434\u043d\u0438\u0439"},"content":{"rendered":"<p>\u041e\u043b\u0435\u0433 \u0421\u0430\u043c\u043e\u0440\u043e\u0434\u043d\u0438\u0439 \u0440\u043e\u0434\u0438\u043b\u0441\u044f 5 \u043d\u043e\u044f\u0431\u0440\u044f 1961 \u0433\u043e\u0434\u0430 \u0432 \u0433\u043e\u0440\u043e\u0434\u0435 \u041a\u043e\u043d\u043e\u0442\u043e\u043f\u0435 (\u0423\u043a\u0440\u0430\u0438\u043d\u0430).<\/p>\n<p>\u041f\u043e\u0441\u043b\u0435 \u043e\u043a\u043e\u043d\u0447\u0430\u043d\u0438\u044f \u0441\u0440\u0435\u0434\u043d\u0435\u0439 \u0448\u043a\u043e\u043b\u044b \u0432 \u0433\u043e\u0440\u043e\u0434\u0435 \u041d\u0430\u0440\u043e-\u0424\u043e\u043c\u0438\u043d\u0441\u043a\u0435 \u041c\u043e\u0441\u043a\u043e\u0432\u0441\u043a\u043e\u0439 \u043e\u0431\u043b\u0430\u0441\u0442\u0438, \u0432 1979 \u0433\u043e\u0434\u0443 \u043f\u043e\u0441\u0442\u0443\u043f\u0438\u043b \u0432 \u041c\u043e\u0441\u043a\u043e\u0432\u0441\u043a\u0438\u0439 \u0433\u043e\u0441\u0443\u0434\u0430\u0440\u0441\u0442\u0432\u0435\u043d\u043d\u044b\u0439 \u0438\u043d\u0441\u0442\u0438\u0442\u0443\u0442 \u043c\u0435\u0436\u0434\u0443\u043d\u0430\u0440\u043e\u0434\u043d\u044b\u0445 \u043e\u0442\u043d\u043e\u0448\u0435\u043d\u0438\u0439. \u0421\u043f\u0435\u0446\u0438\u0430\u043b\u0438\u0437\u0438\u0440\u043e\u0432\u0430\u043b\u0441\u044f \u043d\u0430 \u0441\u0442\u0440\u0430\u043d\u0430\u0445 \u0418\u043d\u0434\u043e\u043a\u0438\u0442\u0430\u044f, \u0438 \u0432 \u0447\u0430\u0441\u0442\u043d\u043e\u0441\u0442\u0438 \u2013 \u043d\u0430 \u041a\u0430\u043c\u0431\u043e\u0434\u0436\u0435.<\/p>\n<p>\u041f\u043e\u0441\u043b\u0435 \u043e\u043a\u043e\u043d\u0447\u0430\u043d\u0438\u044f \u041c\u0413\u0418\u041c\u041e, \u0441 1985 \u0433\u043e\u0434\u0430 \u0440\u0430\u0431\u043e\u0442\u0430\u043b \u0440\u0435\u0444\u0435\u0440\u0435\u043d\u0442\u043e\u043c-\u043f\u0435\u0440\u0435\u0432\u043e\u0434\u0447\u0438\u043a\u043e\u043c \u0432 \u041c\u0418\u0414 \u0421\u0421\u0421\u0420, \u0432 \u0442\u043e\u043c \u0447\u0438\u0441\u043b\u0435 \u0432 1986-1988 \u0433\u043e\u0434\u0430\u0445 \u2013 \u0432 \u043f\u043e\u0441\u043e\u043b\u044c\u0441\u0442\u0432\u0435 \u0421\u0421\u0421\u0420 \u0432 \u041a\u0430\u043c\u0431\u043e\u0434\u0436\u0435.<\/p>\n<p>\u0412 1989-1996 \u0433\u043e\u0434\u0430\u0445 \u2013 \u043d\u0430\u0443\u0447\u043d\u044b\u0439 \u0441\u043e\u0442\u0440\u0443\u0434\u043d\u0438\u043a \u0418\u043d\u0441\u0442\u0438\u0442\u0443\u0442\u0430 \u043c\u0435\u0436\u0434\u0443\u043d\u0430\u0440\u043e\u0434\u043d\u044b\u0445 \u0438 \u0441\u043e\u0446\u0438\u0430\u043b\u044c\u043d\u044b\u0445 \u0438\u0441\u0441\u043b\u0435\u0434\u043e\u0432\u0430\u043d\u0438\u0439 \u0410\u043a\u0430\u0434\u0435\u043c\u0438\u0438 \u043d\u0430\u0443\u043a \u042d\u0441\u0442\u043e\u043d\u0438\u0438.<\/p>\n<p>\u0412 1997 \u0433\u043e\u0434\u0443 \u2013 \u0437\u0430\u043c\u0435\u0441\u0442\u0438\u0442\u0435\u043b\u044c \u0433\u043b\u0430\u0432\u043d\u043e\u0433\u043e \u0440\u0435\u0434\u0430\u043a\u0442\u043e\u0440\u0430 \u0433\u0430\u0437\u0435\u0442\u044b \u00ab\u042d\u0441\u0442\u043e\u043d\u0438\u044f\u00bb.<\/p>\n<p>\u0412 1998 \u0433\u043e\u0434\u0443 \u0437\u0430\u043d\u0438\u043c\u0430\u043b\u0441\u044f \u0440\u0430\u0437\u043b\u0438\u0447\u043d\u044b\u043c\u0438 \u043c\u0435\u0434\u0438\u0439\u043d\u044b\u043c\u0438 \u043f\u0440\u043e\u0435\u043a\u0442\u0430\u043c\u0438.<\/p>\n<p>\u0412 1999-2002 \u0433\u043e\u0434\u0430\u0445 \u2013 \u0434\u0438\u0440\u0435\u043a\u0442\u043e\u0440 \u041a\u043e\u043b\u043b\u0435\u0434\u0436\u0430 \u043f\u0440\u0438\u043a\u043b\u0430\u0434\u043d\u043e\u0433\u043e \u0438\u0441\u043a\u0443\u0441\u0441\u0442\u0432\u0430 \u0410\u043a\u0430\u0434\u0435\u043c\u0438\u0438 \u0445\u0443\u0434\u043e\u0436\u0435\u0441\u0442\u0432 \u042d\u0441\u0442\u043e\u043d\u0438\u0438.<\/p>\n<p>\u0412 2003-2005 \u0433\u043e\u0434\u0430\u0445 \u0437\u0430\u043d\u0438\u043c\u0430\u043b\u0441\u044f \u0442\u0443\u0440\u0438\u0441\u0442\u0438\u0447\u0435\u0441\u043a\u0438\u043c \u0431\u0438\u0437\u043d\u0435\u0441\u043e\u043c \u0432 \u041a\u0430\u043c\u0431\u043e\u0434\u0436\u0435.<\/p>\n<p>\u0412 2006 \u0433\u043e\u0434\u0443 \u2013 \u043e\u0431\u043e\u0437\u0440\u0435\u0432\u0430\u0442\u0435\u043b\u044c \u0435\u0436\u0435\u043d\u0435\u0434\u0435\u043b\u044c\u043d\u0438\u043a\u0430 \u00ab\u041f\u044f\u0440\u043d\u0443\u0441\u043a\u0438\u0439 \u044d\u043a\u0441\u043f\u0440\u0435\u0441\u0441\u00bb.<\/p>\n<p>\u0412 2007-2010 \u2013 \u0448\u0435\u0444-\u0440\u0435\u0434\u0430\u043a\u0442\u043e\u0440 \u0435\u0436\u0435\u043d\u0435\u0434\u0435\u043b\u044c\u043d\u0438\u043a\u0430 \u00ab\u041a\u043e\u043c\u0441\u043e\u043c\u043e\u043b\u044c\u0441\u043a\u0430\u044f \u043f\u0440\u0430\u0432\u0434\u0430 \u0432 \u0421\u0435\u0432\u0435\u0440\u043d\u043e\u0439 \u0415\u0432\u0440\u043e\u043f\u0435\u00bb.<\/p>\n<p>\u0421 2011 \u0433\u043e\u0434\u0430 \u0437\u0430\u043d\u0438\u043c\u0430\u0435\u0442\u0441\u044f \u0441\u0430\u043c\u043e\u0441\u0442\u043e\u044f\u0442\u0435\u043b\u044c\u043d\u044b\u043c\u0438 \u043c\u0435\u0434\u0438\u0439\u043d\u044b\u043c\u0438 \u0438 \u0438\u0437\u0434\u0430\u0442\u0435\u043b\u044c\u0441\u043a\u0438\u043c\u0438 \u043f\u0440\u043e\u0435\u043a\u0442\u0430\u043c\u0438.<\/p>\n<p>\u0412\u043b\u0430\u0434\u0435\u0435\u0442 \u0448\u0435\u0441\u0442\u044c\u044e \u044f\u0437\u044b\u043a\u0430\u043c\u0438: \u0440\u0443\u0441\u0441\u043a\u0438\u043c, \u0443\u043a\u0440\u0430\u0438\u043d\u0441\u043a\u0438\u043c, \u044d\u0441\u0442\u043e\u043d\u0441\u043a\u0438\u043c, \u0444\u0440\u0430\u043d\u0446\u0443\u0437\u0441\u043a\u0438\u043c, \u0430\u043d\u0433\u043b\u0438\u0439\u0441\u043a\u0438\u043c, \u043a\u0445\u043c\u0435\u0440\u0441\u043a\u0438\u043c.<\/p>\n<p>\u0416\u0438\u0432\u0435\u0442 \u043d\u0430 \u043e\u0441\u0442\u0440\u043e\u0432\u0435 \u0425\u0438\u0439\u044e\u043c\u0430\u0430.<\/p>\n<p>&nbsp;<\/p>\n<p>&nbsp;<\/p>\n<p>Oleg Samorodni s\u00fcndis 5. novembril 1961 a. Konotopi linnas Ukrainas.<\/p>\n<p>P\u00e4rast keskkooli l\u00f5petamist Moskva oblastis Naro-Fominski linnas, astus Moskva Riikliku Rahvusvaheliste Suhete instituuti, kus spetsialiseerus Indo-Hiina riikidele ning eriti Kambodzale.<\/p>\n<p>P\u00e4rast instituudi l\u00f5petamist, alates 1985-st t\u00f6\u00f6tas referent-t\u00f5lkjana NSVL-i V\u00e4lisministeeriumis, sealhulgas aastatel 1986-1988 NSVL-i saatkonnas Kambodzas.<\/p>\n<p>1989-1996 \u2013 Eesti Teaduste Akadeemia Rahvusvaheliste- ja Sotsiaaluuringute Instituudi teadur.<\/p>\n<p>1997 \u2013 ajalehe \u201eEstonija\u201c peatoimetaja aset\u00e4itja.<\/p>\n<p>1998 tegeles erinevate meedia-projektidega.<\/p>\n<p>1999-2002 \u2013 Eesti Kunstiakadeemia Rakenduskunsti Kolledzi direktor.<\/p>\n<p>2003-2005 tegeles turismiga Kambodzas.<\/p>\n<p>2006 \u2013 n\u00e4dalalehe \u201ePjarnuskij Ekspress\u201c vaatleja.<\/p>\n<p>2007-2010 \u2013 n\u00e4dalalehe \u201eKomsomolskaja pravda P\u00f5hja-Euroopas\u201c peatoimetaja aset\u00e4itja.<\/p>\n<p>Alates 2011-st tegeleb iseseisvalt meedia- ja kirjastusprojektidega.<\/p>\n<p>Valdab eesti, vene, ukraina, prantsuse, inglise ja khmeeri keelt.<\/p>\n<p>Elab Hiiumaal.<\/p>\n","protected":false},"excerpt":{"rendered":"<p>\u041e\u043b\u0435\u0433 \u0421\u0430\u043c\u043e\u0440\u043e\u0434\u043d\u0438\u0439 \u0440\u043e\u0434\u0438\u043b\u0441\u044f 5 \u043d\u043e\u044f\u0431\u0440\u044f 1961 \u0433\u043e\u0434\u0430 \u0432 \u0433\u043e\u0440\u043e\u0434\u0435 \u041a\u043e\u043d\u043e\u0442\u043e\u043f\u0435 (\u0423\u043a\u0440\u0430\u0438\u043d\u0430). \u041f\u043e\u0441\u043b\u0435 \u043e\u043a\u043e\u043d\u0447\u0430\u043d\u0438\u044f \u0441\u0440\u0435\u0434\u043d\u0435\u0439 \u0448\u043a\u043e\u043b\u044b \u0432 \u0433\u043e\u0440\u043e\u0434\u0435 \u041d\u0430\u0440\u043e-\u0424\u043e\u043c\u0438\u043d\u0441\u043a\u0435 \u041c\u043e\u0441\u043a\u043e\u0432\u0441\u043a\u043e\u0439 \u043e\u0431\u043b\u0430\u0441\u0442\u0438, \u0432 1979 \u0433\u043e\u0434\u0443 \u043f\u043e\u0441\u0442\u0443\u043f\u0438\u043b \u0432 \u041c\u043e\u0441\u043a\u043e\u0432\u0441\u043a\u0438\u0439 \u0433\u043e\u0441\u0443\u0434\u0430\u0440\u0441\u0442\u0432\u0435\u043d\u043d\u044b\u0439 \u0438\u043d\u0441\u0442\u0438\u0442\u0443\u0442 \u043c\u0435\u0436\u0434\u0443\u043d\u0430\u0440\u043e\u0434\u043d\u044b\u0445 \u043e\u0442\u043d\u043e\u0448\u0435\u043d\u0438\u0439. \u0421\u043f\u0435\u0446\u0438\u0430\u043b\u0438\u0437\u0438\u0440\u043e\u0432\u0430\u043b\u0441\u044f \u043d\u0430 \u0441\u0442\u0440\u0430\u043d\u0430\u0445 \u0418\u043d\u0434\u043e\u043a\u0438\u0442\u0430\u044f, \u0438 \u0432 \u0447\u0430\u0441\u0442\u043d\u043e\u0441\u0442\u0438 \u2013 \u043d\u0430 \u041a\u0430\u043c\u0431\u043e\u0434\u0436\u0435. &hellip;<\/p>\n<p class=\"read-more\"> <a class=\"more-link\" href=\"https:\/\/samorodni.eu\/oleg\/\"> <span class=\"screen-reader-text\">\u041e\u043b\u0435\u0433 \u0421\u0430\u043c\u043e\u0440\u043e\u0434\u043d\u0438\u0439<\/span> \u0427\u0438\u0442\u0430\u0442\u044c \u0434\u0430\u043b\u0435\u0435 &raquo;<\/a><\/p>\n","protected":false},"author":1,"featured_media":0,"parent":0,"menu_order":0,"comment_status":"closed","ping_status":"closed","template":"","meta":{"_exactmetrics_skip_tracking":false,"_exactmetrics_sitenote_active":false,"_exactmetrics_sitenote_note":"","_exactmetrics_sitenote_category":0,"footnotes":""},"_links":{"self":[{"href":"https:\/\/samorodni.eu\/oleg\/wp-json\/wp\/v2\/pages\/5"}],"collection":[{"href":"https:\/\/samorodni.eu\/oleg\/wp-json\/wp\/v2\/pages"}],"about":[{"href":"https:\/\/samorodni.eu\/oleg\/wp-json\/wp\/v2\/types\/page"}],"author":[{"embeddable":true,"href":"https:\/\/samorodni.eu\/oleg\/wp-json\/wp\/v2\/users\/1"}],"replies":[{"embeddable":true,"href":"https:\/\/samorodni.eu\/oleg\/wp-json\/wp\/v2\/comments?post=5"}],"version-history":[{"count":8,"href":"https:\/\/samorodni.eu\/oleg\/wp-json\/wp\/v2\/pages\/5\/revisions"}],"predecessor-version":[{"id":4124,"href":"https:\/\/samorodni.eu\/oleg\/wp-json\/wp\/v2\/pages\/5\/revisions\/4124"}],"wp:attachment":[{"href":"https:\/\/samorodni.eu\/oleg\/wp-json\/wp\/v2\/media?parent=5"}],"curies":[{"name":"wp","href":"https:\/\/api.w.org\/{rel}","templated":true}]}}